{"id":10031,"date":"2024-10-25T22:29:31","date_gmt":"2024-10-25T20:29:31","guid":{"rendered":"https:\/\/ngm.nasz-gabinet.pl\/?post_type=product&#038;p=10031"},"modified":"2025-09-25T09:14:47","modified_gmt":"2025-09-25T07:14:47","slug":"3-miesieczny-plan-leczenia","status":"publish","type":"product","link":"https:\/\/srv76142.seohost.com.pl\/ua\/produkt\/3-miesieczny-plan-leczenia\/","title":{"rendered":"3-miesi\u0119czny plan leczenia"},"content":{"rendered":"<p>3-miesi\u0119czny plan leczenia to skuteczne rozwi\u0105zanie dla os\u00f3b pragn\u0105cych uwolni\u0107 si\u0119 od uzale\u017cnienia. Lek Disulfiram, znany r\u00f3wnie\u017c jako wszywka alkoholowa, jest efektywnym \u015brodkiem wspomagaj\u0105cym w zapobieganiu nawrotom uzale\u017cnienia poprzez wywo\u0142ywanie nieprzyjemnych reakcji po spo\u017cyciu alkoholu. Oferujemy r\u00f3\u017cnorodne pakiety, kt\u00f3re \u0142\u0105cz\u0105 profesjonaln\u0105 opiek\u0119 medyczn\u0105 z terapi\u0105 oraz wsparcie w procesie detoksykacji. Ka\u017cdy z naszych plan\u00f3w miesi\u0119cznych zapewnia kompleksow\u0105 pomoc, w tym konsultacje z lekarzem specjalizuj\u0105cym si\u0119 w leczeniu uzale\u017cnie\u0144, sesje terapeutyczne dostosowane do indywidualnych potrzeb pacjenta, a tak\u017ce e-recepty na niezb\u0119dne leki. W ramach naszych us\u0142ug Pacjenci r\u00f3wnie\u017c mog\u0105 otrzyma\u0107 zwolnienie lekarskie (L4), co umo\u017cliwia im spokojne przej\u015bcie przez proces leczenia bez obaw o obowi\u0105zki zawodowe.<\/p>\n<p>Wybierz odpowiedni dla siebie plan leczenia i rozpocznij skuteczn\u0105 walk\u0119 z uzale\u017cnieniem. Nasz zesp\u00f3\u0142 do\u015bwiadczonych specjalist\u00f3w zapewni Ci kompleksowe wsparcie na ka\u017cdym etapie.<\/p>\n<p><strong>\u041a\u0443\u043f\u0443\u0439\u0442\u0435 \u0437\u0430\u0440\u0430\u0437 \u0456 \u043f\u0440\u043e\u0439\u0434\u0456\u0442\u044c \u043b\u0456\u043a\u0443\u0432\u0430\u043d\u043d\u044f \u0432 \u0431\u0443\u0434\u044c-\u044f\u043a\u043e\u043c\u0443 \u0437 \u043d\u0430\u0448\u0438\u0445 \u0446\u0435\u043d\u0442\u0440\u0456\u0432:<\/strong><\/p>\n<div id=\"second-landing-container\">\n<div id=\"second-landing-row\"><a id=\"second-landing-box\" href=\"https:\/\/srv76142.seohost.com.pl\/ua\/vrotslav\/\"><strong>\u041b\u0456\u043a\u0443\u0432\u0430\u043d\u043d\u044f \u0430\u043b\u043a\u043e\u0433\u043e\u043b\u0456\u0437\u043c\u0443 \u0412\u0440\u043e\u0446\u043b\u0430\u0432<\/strong><\/a><br \/>\n<a id=\"second-landing-box\" href=\"https:\/\/srv76142.seohost.com.pl\/ua\/hdynia\/\"><strong>\u041b\u0456\u043a\u0443\u0432\u0430\u043d\u043d\u044f \u0430\u043b\u043a\u043e\u0433\u043e\u043b\u0456\u0437\u043c\u0443 \u0413\u0434\u0438\u043d\u044f<\/strong><\/a><br \/>\n<a id=\"second-landing-box\" href=\"https:\/\/srv76142.seohost.com.pl\/ua\/likuvannya-alkoholizmu-varshava\/\"><strong>\u041b\u0456\u043a\u0443\u0432\u0430\u043d\u043d\u044f \u0430\u043b\u043a\u043e\u0433\u043e\u043b\u0456\u0437\u043c\u0443 \u0412\u0430\u0440\u0448\u0430\u0432\u0430<\/strong><\/a><\/div>\n<div id=\"second-landing-row\"><a id=\"second-landing-box\" href=\"https:\/\/srv76142.seohost.com.pl\/ua\/krakiv\/\"><strong>\u041b\u0456\u043a\u0443\u0432\u0430\u043d\u043d\u044f \u0430\u043b\u043a\u043e\u0433\u043e\u043b\u0456\u0437\u043c\u0443 \u041a\u0440\u0430\u043a\u0456\u0432<\/strong><\/a><br \/>\n<a id=\"second-landing-box\" href=\"https:\/\/srv76142.seohost.com.pl\/ua\/shchetsyn\/\"><strong>\u041b\u0456\u043a\u0443\u0432\u0430\u043d\u043d\u044f \u0430\u043b\u043a\u043e\u0433\u043e\u043b\u0456\u0437\u043c\u0443 \u0432 \u0429\u0435\u0446\u0438\u043d\u0456<\/strong><\/a><br \/>\n<a id=\"second-landing-box\" href=\"https:\/\/srv76142.seohost.com.pl\/ua\/poznan\/\"><strong>\u041b\u0456\u043a\u0443\u0432\u0430\u043d\u043d\u044f \u0430\u043b\u043a\u043e\u0433\u043e\u043b\u0456\u0437\u043c\u0443 \u041f\u043e\u0437\u043d\u0430\u043d\u044c<\/strong><\/a><\/div>\n<div id=\"second-landing-row\"><a id=\"second-landing-box\" href=\"https:\/\/srv76142.seohost.com.pl\/ua\/olshtyn\/\"><strong>\u041b\u0456\u043a\u0443\u0432\u0430\u043d\u043d\u044f \u0430\u043b\u043a\u043e\u0433\u043e\u043b\u0456\u0437\u043c\u0443 \u041e\u043b\u044c\u0448\u0442\u0438\u043d<\/strong><\/a><br \/>\n<a id=\"second-landing-box\" href=\"https:\/\/srv76142.seohost.com.pl\/ua\/lodz\/\"><strong>\u041b\u0456\u043a\u0443\u0432\u0430\u043d\u043d\u044f \u0430\u043b\u043a\u043e\u0433\u043e\u043b\u0456\u0437\u043c\u0443 \u0432 \u041b\u043e\u0434\u0437\u0456<\/strong><\/a><br \/>\n<a id=\"second-landing-box\" href=\"https:\/\/srv76142.seohost.com.pl\/ua\/katovice\/\"><strong>\u041b\u0456\u043a\u0443\u0432\u0430\u043d\u043d\u044f \u0430\u043b\u043a\u043e\u0433\u043e\u043b\u0456\u0437\u043c\u0443 \u0432 \u041a\u0430\u0442\u043e\u0432\u0456\u0446\u0435<\/strong><\/a><\/div>\n<div id=\"second-landing-row\"><a id=\"second-landing-box\" href=\"https:\/\/srv76142.seohost.com.pl\/ua\/keltse\/\"><strong>\u041b\u0456\u043a\u0443\u0432\u0430\u043d\u043d\u044f \u0430\u043b\u043a\u043e\u0433\u043e\u043b\u0456\u0437\u043c\u0443 \u041a\u0435\u043b\u044c\u0446\u0435<\/strong><\/a><br \/>\n<a id=\"second-landing-box\" href=\"https:\/\/srv76142.seohost.com.pl\/ua\/bydhoshch\/\"><strong>\u041b\u0456\u043a\u0443\u0432\u0430\u043d\u043d\u044f \u0430\u043b\u043a\u043e\u0433\u043e\u043b\u0456\u0437\u043c\u0443 \u0411\u0438\u0434\u0433\u043e\u0449<\/strong><\/a><br \/>\n<a id=\"second-landing-box\" href=\"https:\/\/srv76142.seohost.com.pl\/ua\/lublin\/\"><strong>\u041b\u0456\u043a\u0443\u0432\u0430\u043d\u043d\u044f \u0430\u043b\u043a\u043e\u0433\u043e\u043b\u0456\u0437\u043c\u0443 \u0432 \u041b\u044e\u0431\u043b\u0456\u043d\u0456<\/strong><\/a><\/div>\n<\/div>","protected":false},"excerpt":{"rendered":"<p><strong>Co zawiera plan:<\/strong><\/p>\n<ul class=\"check2\">\n<li><span style=\"font-weight: 400;\">detoks 6 h,<\/span><\/li>\n<li><span style=\"font-weight: 400;\">2 konsultacje z lekarzem,<\/span><\/li>\n<li><span style=\"font-weight: 400;\">14 sesji terapeutycznych,<\/span><\/li>\n<li><span style=\"font-weight: 400;\">e-recepta,<\/span><\/li>\n<li><span style=\"font-weight: 400;\">zwolnienie L4 (wed\u0142ug uznania lekarza),<\/span><\/li>\n<li><span style=\"font-weight: 400;\">wszywka standardowa.<\/span><\/li>\n<\/ul>","protected":false},"featured_media":12587,"template":"","meta":{"_acf_changed":false},"product_cat":[120],"product_tag":[],"class_list":{"0":"post-10031","1":"product","2":"type-product","3":"status-publish","4":"has-post-thumbnail","6":"product_cat-plan-kompleksowego-leczenia","7":"product_shipping_class-zabieg-w-gabinecie","9":"first","10":"instock","11":"shipping-taxable","12":"purchasable","13":"product-type-simple"},"acf":[],"_links":{"self":[{"href":"https:\/\/srv76142.seohost.com.pl\/ua\/wp-json\/wp\/v2\/product\/10031","targetHints":{"allow":["GET"]}}],"collection":[{"href":"https:\/\/srv76142.seohost.com.pl\/ua\/wp-json\/wp\/v2\/product"}],"about":[{"href":"https:\/\/srv76142.seohost.com.pl\/ua\/wp-json\/wp\/v2\/types\/product"}],"wp:featuredmedia":[{"embeddable":true,"href":"https:\/\/srv76142.seohost.com.pl\/ua\/wp-json\/wp\/v2\/media\/12587"}],"wp:attachment":[{"href":"https:\/\/srv76142.seohost.com.pl\/ua\/wp-json\/wp\/v2\/media?parent=10031"}],"wp:term":[{"taxonomy":"product_cat","embeddable":true,"href":"https:\/\/srv76142.seohost.com.pl\/ua\/wp-json\/wp\/v2\/product_cat?post=10031"},{"taxonomy":"product_tag","embeddable":true,"href":"https:\/\/srv76142.seohost.com.pl\/ua\/wp-json\/wp\/v2\/product_tag?post=10031"}],"curies":[{"name":"wp","href":"https:\/\/api.w.org\/{rel}","templated":true}]}}