{"id":9998,"date":"2024-10-25T22:29:07","date_gmt":"2024-10-25T20:29:07","guid":{"rendered":"https:\/\/ngm.nasz-gabinet.pl\/?post_type=product&#038;p=9998"},"modified":"2025-09-19T14:47:40","modified_gmt":"2025-09-19T12:47:40","slug":"konsultacja-chirurgiczna-po-wszywce","status":"publish","type":"product","link":"https:\/\/srv76142.seohost.com.pl\/ua\/produkt\/konsultacja-chirurgiczna-po-wszywce\/","title":{"rendered":"Konsultacja chirurgiczna po wszywce"},"content":{"rendered":"<p data-start=\"31\" data-end=\"377\">Konsultacja po zabiegu implantacji wszywki alkoholowej (Esperalu) to istotny etap monitorowania skuteczno\u015bci terapii i bezpiecze\u0144stwa Pacjenta. Spotkanie ze specjalist\u0105 pozwala oceni\u0107 stan zdrowia po wszyciu disulfiramu, sprawdzi\u0107 proces gojenia rany oraz wykluczy\u0107 ewentualne powik\u0142ania.<\/p>\n<p data-start=\"379\" data-end=\"408\">\u041f\u0456\u0434 \u0447\u0430\u0441 \u043a\u043e\u043d\u0441\u0443\u043b\u044c\u0442\u0430\u0446\u0456\u0457 \u043b\u0456\u043a\u0430\u0440:<\/p>\n<ul data-start=\"409\" data-end=\"753\">\n<li data-start=\"409\" data-end=\"479\">\n<p data-start=\"411\" data-end=\"479\">kontroluje miejsce implantacji i ocenia proces regeneracji tkanek,<\/p>\n<\/li>\n<li data-start=\"480\" data-end=\"565\">\n<p data-start=\"482\" data-end=\"565\">weryfikuje, czy wszywka dzia\u0142a prawid\u0142owo i czy nie wyst\u0119puj\u0105 objawy niepo\u017c\u0105dane,<\/p>\n<\/li>\n<li data-start=\"566\" data-end=\"660\">\n<p data-start=\"568\" data-end=\"660\">udziela zalece\u0144 dotycz\u0105cych dalszej terapii i ewentualnego przed\u0142u\u017cenia dzia\u0142ania wszywki,<\/p>\n<\/li>\n<li data-start=\"661\" data-end=\"753\">\n<p data-start=\"663\" data-end=\"753\">odpowiada na pytania Pacjenta zwi\u0105zane z przebiegiem leczenia i utrzymaniem abstynencji.<\/p>\n<\/li>\n<\/ul>\n<p data-start=\"755\" data-end=\"979\">Konsultacja chirurgiczna po wszywce daje Pacjentowi poczucie bezpiecze\u0144stwa i pewno\u015b\u0107, \u017ce leczenie przebiega prawid\u0142owo. To wa\u017cny element kompleksowej terapii uzale\u017cnienia, wspieraj\u0105cy w utrzymaniu d\u0142ugotrwa\u0142ej trze\u017awo\u015bci.<\/p>","protected":false},"excerpt":{"rendered":"<p><strong data-start=\"34\" data-end=\"73\">Konsultacja chirurgiczna po wszywce<\/strong> to kontrola stanu zdrowia i miejsca implantacji Esperalu. Lekarz ocenia gojenie, sprawdza skuteczno\u015b\u0107 terapii i udziela dalszych zalece\u0144, aby leczenie by\u0142o bezpieczne i skuteczne.<\/p>","protected":false},"featured_media":23550,"template":"","meta":{"_acf_changed":false},"product_cat":[136,137],"product_tag":[],"class_list":{"0":"post-9998","1":"product","2":"type-product","3":"status-publish","4":"has-post-thumbnail","6":"product_cat-konsultacje-lekarskie","7":"product_cat-konsultacje-stacjonarne","9":"first","10":"instock","11":"virtual","12":"purchasable","13":"product-type-simple"},"acf":[],"_links":{"self":[{"href":"https:\/\/srv76142.seohost.com.pl\/ua\/wp-json\/wp\/v2\/product\/9998","targetHints":{"allow":["GET"]}}],"collection":[{"href":"https:\/\/srv76142.seohost.com.pl\/ua\/wp-json\/wp\/v2\/product"}],"about":[{"href":"https:\/\/srv76142.seohost.com.pl\/ua\/wp-json\/wp\/v2\/types\/product"}],"wp:featuredmedia":[{"embeddable":true,"href":"https:\/\/srv76142.seohost.com.pl\/ua\/wp-json\/wp\/v2\/media\/23550"}],"wp:attachment":[{"href":"https:\/\/srv76142.seohost.com.pl\/ua\/wp-json\/wp\/v2\/media?parent=9998"}],"wp:term":[{"taxonomy":"product_cat","embeddable":true,"href":"https:\/\/srv76142.seohost.com.pl\/ua\/wp-json\/wp\/v2\/product_cat?post=9998"},{"taxonomy":"product_tag","embeddable":true,"href":"https:\/\/srv76142.seohost.com.pl\/ua\/wp-json\/wp\/v2\/product_tag?post=9998"}],"curies":[{"name":"wp","href":"https:\/\/api.w.org\/{rel}","templated":true}]}}